{"id":20757,"date":"2023-01-03T10:18:39","date_gmt":"2023-01-03T07:18:39","guid":{"rendered":"https:\/\/service.arron.md\/?page_id=20757"},"modified":"2026-03-24T13:47:02","modified_gmt":"2026-03-24T10:47:02","slug":"reparatie-espresoare","status":"publish","type":"page","link":"https:\/\/www.arron.ro\/targoviste\/reparatie-espresoare","title":{"rendered":"Repara\u021bii espressoare T\u00e2rgovi\u0219te"},"content":{"rendered":"<p><em><strong><img loading=\"lazy\" decoding=\"async\" class=\"alignleft wp-image-44270\" style=\"font-style: normal; font-weight: 400;\" src=\"https:\/\/www.arron.ro\/wp-content\/uploads\/webp\/db_webp_65cb233692868img_5121-225x300.webp\" alt=\"reparatii espressor Krups Iasi\" width=\"297\" height=\"396\" srcset=\"https:\/\/www.arron.ro\/targoviste\/wp-content\/uploads\/webp\/db_webp_65cb233692868img_5121-225x300.webp 225w, https:\/\/www.arron.ro\/targoviste\/wp-content\/uploads\/webp\/db_webp_65cb233692868img_5121-768x1024.webp 768w, https:\/\/www.arron.ro\/targoviste\/wp-content\/uploads\/webp\/db_webp_65cb233692868img_5121-1152x1536.webp 1152w, https:\/\/www.arron.ro\/targoviste\/wp-content\/uploads\/webp\/db_webp_65cb233692868img_5121-1536x2048.webp 1536w\" sizes=\"auto, (max-width: 297px) 100vw, 297px\" \/><\/strong><\/em><\/p>\n<p>Espressoare-le destinate uzului casnic reprezint\u0103 alegerea predilect\u0103 a pasiona\u021bilor de cafea, \u00eens\u0103, din nefericire, pot ap\u0103rea probleme tehnice ca<\/p>\n<p>re au poten\u021bialul de a influen\u021ba negativ experien\u021ba de preparare a cafelei. Din acest motiv, recomand\u0103m apelarea la un specialist calificat dintr-un service espressoare, precum este Arron din Ia\u0219i.<\/p>\n<p>Printre cele mai frecvente probleme ale espressor-ului se num\u0103r\u0103:<\/p>\n<ul>\n<li><em><strong>Depunerile de calcar:<\/strong><\/em> Afecteaz\u0103 performan\u021ba \u0219i gustul cafelei, bloc\u00e2nd conductele \u0219i reduc\u00e2nd presiunea.<\/li>\n<li><em><strong>Func\u021bionarea incorect\u0103 a pompei:<\/strong><\/em> Probleme cu presiunea, zgomote neobi\u0219nuite<a href=\"https:\/\/www.arron.ro\/wp-content\/uploads\/2024\/02\/img_5118.heic\"><img decoding=\"async\" class=\"alignnone size-full wp-image-44264\" src=\"https:\/\/www.arron.ro\/wp-content\/uploads\/2024\/02\/img_5118.heic\" alt=\"\" \/><\/a> sau oprirea complet\u0103.<\/li>\n<li><em><strong>Probleme cu distribu\u021bia cafelei:<\/strong><\/em> Extrac\u021bie inegal\u0103 din cauza distribuirii neuniforme \u00een porta-filtru sau cup\u0103.<\/li>\n<li><em><strong>Probleme cu \u00eenc\u0103lzirea:<\/strong><\/em> Element de \u00eenc\u0103lzire sau termostat defect, afect\u00e2nd temperatura apei.<\/li>\n<li><em><strong>Probleme cu m\u0103cin\u0103tura:<\/strong> <\/em>Blocare sau reglare incorect\u0103 a unit\u0103\u021bii de m\u0103cinare a cafelei.<\/li>\n<li><em><strong>Scurgeri de ap\u0103:<\/strong><\/em> Garnituri uzate, conducte fisurate sau componente deteriorate.<\/li>\n<li><em><strong>Probleme cu electronic\u0103 \u0219i senzorii:<\/strong><\/em> Defec\u021biuni care afecteaz\u0103 func\u021bionarea general\u0103.<\/li>\n<li><em><strong>Blocarea sau \u00eenfundarea conductelor:<\/strong><\/em> Limitarea fluxului de ap\u0103 \u0219i afectarea presiunii necesare pentru extrac\u021bie.<\/li>\n<li><em><strong>Probleme cu sistemul de spumare a laptelui:<\/strong><\/em> Infundarea duzelor sau func\u021bionarea incorect\u0103 a dispozitivului de spumare.<\/li>\n<\/ul>\n<p>Suntem o echip\u0103 dedicat\u0103 \u0219i calificat\u0103, specializat\u0103 \u00een remedierea problemelor cu espressoarele dumneavoastr\u0103, printre care Delonghi, Philips, Krups, etc.\u00a0 Indiferent de modelul sau marca aparatului dvs., suntem aici pentru a v\u0103 oferi servicii de \u00eenalt\u0103 calitate, aducandu-va cafeaua preferat\u0103 \u00eenapoi \u00een cea mai bun\u0103 form\u0103. Echipa noastr\u0103 este compus\u0103 din tehnicieni experimenta\u021bi \u0219i pasiona\u021bi, care au dob\u00e2ndit cuno\u0219tin\u021be extinse \u00een domeniul repar\u0103rii espressoare-lor. Ne-am angajat s\u0103 v\u0103 oferim solu\u021bii eficiente \u0219i rapide pentru a v\u0103 permite s\u0103 v\u0103 bucura\u021bi din nou de o cafea proasp\u0103t\u0103 \u0219i delicioas\u0103.<\/p>\n<h2>Curatare aparate de cafea<\/h2>\n<p>Cu sediul \u00een inima T\u00e2rgovi\u0219te, ne desf\u0103\u0219ur\u0103m activitatea \u00eentr-un mediu prietenos \u0219i profesionist. Oferim clien\u021bilor no\u0219tri nu doar servicii repara\u021bii ma\u0219ini de cafea, ci \u0219i consultan\u021b\u0103 specializat\u0103 pentru \u00eentre\u021binerea corect\u0103 a espressor-ului. Avem acces la piese de schimb originale \u0219i utiliz\u0103m echipamente de diagnosticare de ultim\u0103 genera\u021bie pentru a asigura o repara\u021bie precis\u0103 \u0219i durabil\u0103. De la \u00eenlocuirea componentelor uzate la diagnosticarea \u0219i remedierea rapid\u0103 a problemelor, fiecare pas al procesului nostru de repara\u021bie este efectuat cu aten\u021bie \u0219i dedicare.<\/p>\n<p>A\u0219adar, dac\u0103 ave\u021bi nevoie de servicii de repara\u021bii pentru espressoare \u00een Ia\u0219i, nu ezita\u021bi s\u0103 apela\u021bi la echipa noastr\u0103. Suntem aici pentru a v\u0103 aduce \u00eenapoi bucuria cafelei perfecte, oferindu-v\u0103 solu\u021bii de \u00eencredere \u0219i profesionalismul unei echipe pasionate.<\/p>\n","protected":false},"excerpt":{"rendered":"<p>Espressoare-le destinate uzului casnic reprezint\u0103 alegerea predilect\u0103 a pasiona\u021bilor de cafea, \u00eens\u0103, din nefericire, pot ap\u0103rea probleme tehnice ca re au poten\u021bialul de a influen\u021ba negativ experien\u021ba de preparare a cafelei. Din acest motiv, recomand\u0103m apelarea la un specialist calificat dintr-un service espressoare, precum este Arron din Ia\u0219i. Printre cele mai frecvente probleme ale espressor-ului [&hellip;]<\/p>\n","protected":false},"author":1,"featured_media":45055,"parent":0,"menu_order":0,"comment_status":"closed","ping_status":"closed","template":"tmpl-main-device.php","meta":{"footnotes":""},"class_list":["post-20757","page","type-page","status-publish","has-post-thumbnail","hentry"],"acf":[],"yoast_head":"<!-- This site is optimized with the Yoast SEO Premium plugin v19.0 (Yoast SEO v22.0) - https:\/\/yoast.com\/wordpress\/plugins\/seo\/ -->\n<title>Repara\u021bii espressoare \u00een T\u00e2rgovi\u0219te, Reparatii aparate de cafea<\/title>\n<meta name=\"description\" content=\"Service rapid de repara\u021bii espressoare \u00een ora\u0219ul T\u00e2rgovi\u0219te. Delonghi, Saeco, Philips, Jura etc. Reparatii aparate de cafea, curatare, decalcifiere\" \/>\n<meta name=\"robots\" content=\"index, follow, max-snippet:-1, max-image-preview:large, max-video-preview:-1\" \/>\n<meta property=\"og:locale\" content=\"ro_RO\" \/>\n<meta property=\"og:type\" content=\"article\" \/>\n<meta property=\"og:title\" content=\"Repara\u021bii espressoare T\u00e2rgovi\u0219te\" \/>\n<meta property=\"og:description\" content=\"Service rapid de repara\u021bii espressoare \u00een ora\u0219ul T\u00e2rgovi\u0219te. Delonghi, Saeco, Philips, Jura etc. Reparatii aparate de cafea, curatare, decalcifiere\" \/>\n<meta property=\"og:url\" content=\"https:\/\/www.arron.ro\/targoviste\/reparatie-espresoare\" \/>\n<meta property=\"og:site_name\" content=\"Arron Service\" \/>\n<meta property=\"og:image\" content=\"https:\/\/www.arron.ro\/targoviste\/wp-content\/uploads\/2026\/03\/db_webp_69bbb4016e8fecoffee2.webp\" \/>\n\t<meta property=\"og:image:width\" content=\"560\" \/>\n\t<meta property=\"og:image:height\" content=\"445\" \/>\n\t<meta property=\"og:image:type\" content=\"image\/webp\" \/>\n<meta name=\"twitter:card\" content=\"summary_large_image\" \/>\n<meta name=\"twitter:label1\" content=\"Timp estimat pentru citire\" \/>\n\t<meta name=\"twitter:data1\" content=\"3 minute\" \/>\n<script type=\"application\/ld+json\" class=\"yoast-schema-graph\">{\"@context\":\"https:\/\/schema.org\",\"@graph\":[{\"@type\":\"WebPage\",\"@id\":\"https:\/\/www.arron.ro\/targoviste\/reparatie-espresoare\/\",\"url\":\"https:\/\/www.arron.ro\/targoviste\/reparatie-espresoare\/\",\"name\":\"Repara\u021bii espressoare \u00een T\u00e2rgovi\u0219te, Reparatii aparate de cafea\",\"isPartOf\":{\"@id\":\"https:\/\/www.arron.ro\/targoviste\/#website\"},\"datePublished\":\"2023-01-03T07:18:39+00:00\",\"dateModified\":\"2026-03-24T10:47:02+00:00\",\"description\":\"Service rapid de repara\u021bii espressoare \u00een ora\u0219ul T\u00e2rgovi\u0219te. Delonghi, Saeco, Philips, Jura etc. Reparatii aparate de cafea, curatare, decalcifiere\",\"breadcrumb\":{\"@id\":\"https:\/\/www.arron.ro\/targoviste\/reparatie-espresoare\/#breadcrumb\"},\"inLanguage\":\"ro-RO\",\"potentialAction\":[{\"@type\":\"ReadAction\",\"target\":[\"https:\/\/www.arron.ro\/targoviste\/reparatie-espresoare\/\"]}]},{\"@type\":\"BreadcrumbList\",\"@id\":\"https:\/\/www.arron.ro\/targoviste\/reparatie-espresoare\/#breadcrumb\",\"itemListElement\":[{\"@type\":\"ListItem\",\"position\":1,\"name\":\"Pagina principal\u0103\",\"item\":\"https:\/\/www.arron.ro\/targoviste\/\"},{\"@type\":\"ListItem\",\"position\":2,\"name\":\"Repara\u021bii espressoare T\u00e2rgovi\u0219te\"}]},{\"@type\":\"WebSite\",\"@id\":\"https:\/\/www.arron.ro\/targoviste\/#website\",\"url\":\"https:\/\/www.arron.ro\/targoviste\/\",\"name\":\"Arron Service\",\"description\":\"\",\"potentialAction\":[{\"@type\":\"SearchAction\",\"target\":{\"@type\":\"EntryPoint\",\"urlTemplate\":\"https:\/\/www.arron.ro\/targoviste\/?s={search_term_string}\"},\"query-input\":\"required name=search_term_string\"}],\"inLanguage\":\"ro-RO\"}]}<\/script>\n<!-- \/ Yoast SEO Premium plugin. -->","yoast_head_json":{"title":"Repara\u021bii espressoare \u00een T\u00e2rgovi\u0219te, Reparatii aparate de cafea","description":"Service rapid de repara\u021bii espressoare \u00een ora\u0219ul T\u00e2rgovi\u0219te. Delonghi, Saeco, Philips, Jura etc. Reparatii aparate de cafea, curatare, decalcifiere","robots":{"index":"index","follow":"follow","max-snippet":"max-snippet:-1","max-image-preview":"max-image-preview:large","max-video-preview":"max-video-preview:-1"},"og_locale":"ro_RO","og_type":"article","og_title":"Repara\u021bii espressoare T\u00e2rgovi\u0219te","og_description":"Service rapid de repara\u021bii espressoare \u00een ora\u0219ul T\u00e2rgovi\u0219te. Delonghi, Saeco, Philips, Jura etc. Reparatii aparate de cafea, curatare, decalcifiere","og_url":"https:\/\/www.arron.ro\/targoviste\/reparatie-espresoare","og_site_name":"Arron Service","og_image":[{"width":560,"height":445,"url":"https:\/\/www.arron.ro\/targoviste\/wp-content\/uploads\/2026\/03\/db_webp_69bbb4016e8fecoffee2.webp","type":"image\/webp"}],"twitter_card":"summary_large_image","twitter_misc":{"Timp estimat pentru citire":"3 minute"},"schema":{"@context":"https:\/\/schema.org","@graph":[{"@type":"WebPage","@id":"https:\/\/www.arron.ro\/targoviste\/reparatie-espresoare\/","url":"https:\/\/www.arron.ro\/targoviste\/reparatie-espresoare\/","name":"Repara\u021bii espressoare \u00een T\u00e2rgovi\u0219te, Reparatii aparate de cafea","isPartOf":{"@id":"https:\/\/www.arron.ro\/targoviste\/#website"},"datePublished":"2023-01-03T07:18:39+00:00","dateModified":"2026-03-24T10:47:02+00:00","description":"Service rapid de repara\u021bii espressoare \u00een ora\u0219ul T\u00e2rgovi\u0219te. Delonghi, Saeco, Philips, Jura etc. Reparatii aparate de cafea, curatare, decalcifiere","breadcrumb":{"@id":"https:\/\/www.arron.ro\/targoviste\/reparatie-espresoare\/#breadcrumb"},"inLanguage":"ro-RO","potentialAction":[{"@type":"ReadAction","target":["https:\/\/www.arron.ro\/targoviste\/reparatie-espresoare\/"]}]},{"@type":"BreadcrumbList","@id":"https:\/\/www.arron.ro\/targoviste\/reparatie-espresoare\/#breadcrumb","itemListElement":[{"@type":"ListItem","position":1,"name":"Pagina principal\u0103","item":"https:\/\/www.arron.ro\/targoviste\/"},{"@type":"ListItem","position":2,"name":"Repara\u021bii espressoare T\u00e2rgovi\u0219te"}]},{"@type":"WebSite","@id":"https:\/\/www.arron.ro\/targoviste\/#website","url":"https:\/\/www.arron.ro\/targoviste\/","name":"Arron Service","description":"","potentialAction":[{"@type":"SearchAction","target":{"@type":"EntryPoint","urlTemplate":"https:\/\/www.arron.ro\/targoviste\/?s={search_term_string}"},"query-input":"required name=search_term_string"}],"inLanguage":"ro-RO"}]}},"_links":{"self":[{"href":"https:\/\/www.arron.ro\/targoviste\/wp-json\/wp\/v2\/pages\/20757","targetHints":{"allow":["GET"]}}],"collection":[{"href":"https:\/\/www.arron.ro\/targoviste\/wp-json\/wp\/v2\/pages"}],"about":[{"href":"https:\/\/www.arron.ro\/targoviste\/wp-json\/wp\/v2\/types\/page"}],"author":[{"embeddable":true,"href":"https:\/\/www.arron.ro\/targoviste\/wp-json\/wp\/v2\/users\/1"}],"replies":[{"embeddable":true,"href":"https:\/\/www.arron.ro\/targoviste\/wp-json\/wp\/v2\/comments?post=20757"}],"version-history":[{"count":23,"href":"https:\/\/www.arron.ro\/targoviste\/wp-json\/wp\/v2\/pages\/20757\/revisions"}],"predecessor-version":[{"id":45056,"href":"https:\/\/www.arron.ro\/targoviste\/wp-json\/wp\/v2\/pages\/20757\/revisions\/45056"}],"wp:featuredmedia":[{"embeddable":true,"href":"https:\/\/www.arron.ro\/targoviste\/wp-json\/wp\/v2\/media\/45055"}],"wp:attachment":[{"href":"https:\/\/www.arron.ro\/targoviste\/wp-json\/wp\/v2\/media?parent=20757"}],"curies":[{"name":"wp","href":"https:\/\/api.w.org\/{rel}","templated":true}]}}