{"id":19610,"date":"2022-07-29T17:53:56","date_gmt":"2022-07-29T14:53:56","guid":{"rendered":"https:\/\/misterfix.ro\/?page_id=19610"},"modified":"2025-05-29T16:00:54","modified_gmt":"2025-05-29T13:00:54","slug":"reparatii-tv","status":"publish","type":"page","link":"https:\/\/www.arron.ro\/targoviste\/reparatii-tv","title":{"rendered":"Reparatie televizoare T\u00e2rgovi\u0219te"},"content":{"rendered":"<p>Repara\u021bia unui televizor este o interven\u021bie important\u0103 care trebuie realizat\u0103 doar de speciali\u0219ti autoriza\u021bi. La service-ul Arron din T\u00e2rgovi\u0219te, dispunem de o echip\u0103 de tehnicieni de top, preg\u0103ti\u021bi s\u0103 rezolve orice defec\u021biune. Chiar dac\u0103 televizoarele moderne sunt durabile, problemele pot ap\u0103rea oric\u00e2nd. Indiferent de marc\u0103 \u2013 Samsung, Sony, Xiaomi \u2013 intervenim rapid \u0219i eficient pentru orice model de televizor.<\/p>\n<p data-start=\"0\" data-end=\"69\">Printre problemele cele mai frecvente ale televizoarelor se reg\u0103sesc:<\/p>\n<p><img loading=\"lazy\" decoding=\"async\" class=\"alignright wp-image-44271 \" src=\"https:\/\/www.arron.ro\/wp-content\/uploads\/webp\/db_webp_65cb23476d4e2img_5139-300x225.webp\" alt=\"reparatii TV Iasi\" width=\"401\" height=\"301\" srcset=\"https:\/\/www.arron.ro\/targoviste\/wp-content\/uploads\/webp\/db_webp_65cb23476d4e2img_5139-300x225.webp 300w, https:\/\/www.arron.ro\/targoviste\/wp-content\/uploads\/webp\/db_webp_65cb23476d4e2img_5139-1024x768.webp 1024w, https:\/\/www.arron.ro\/targoviste\/wp-content\/uploads\/webp\/db_webp_65cb23476d4e2img_5139-768x576.webp 768w, https:\/\/www.arron.ro\/targoviste\/wp-content\/uploads\/webp\/db_webp_65cb23476d4e2img_5139-1536x1152.webp 1536w, https:\/\/www.arron.ro\/targoviste\/wp-content\/uploads\/webp\/db_webp_65cb23476d4e2img_5139-2048x1536.webp 2048w\" sizes=\"auto, (max-width: 401px) 100vw, 401px\" \/><\/p>\n<ol>\n<li data-start=\"71\" data-end=\"963\"><strong>Defec\u021biuni ale ecranului:<\/strong> Una dintre cele mai comune probleme este apari\u021bia unor imperfec\u021biuni precum linii sau distorsiuni pe ecran, cauzate de deteriorarea circuitelor electronice ale televizorului.<\/li>\n<li data-start=\"71\" data-end=\"963\"><strong>Probleme legate de sunet:<\/strong> Calitatea audio poate fi afectat\u0103, sunetul devenind fie prea slab, fie prea puternic. Aceste defecte sunt adesea cauzate de probleme la circuitele audio, un codec audio defect sau difuzoare nefunc\u021bionale.<\/li>\n<li data-start=\"71\" data-end=\"963\"><strong>Conexiune instabil\u0103 la internet:<\/strong> Multe televizoare moderne sunt echipate cu module wireless, iar o conexiune instabil\u0103 sau defectuoas\u0103 poate crea disconfort. Cauzele pot fi un modul Wi-Fi defect, configur\u0103ri gre\u0219ite sau probleme cu furnizorul de internet.<\/li>\n<li data-start=\"71\" data-end=\"963\"><strong>Defec\u021biuni ale telecomenzii:<\/strong> De\u0219i pare o problem\u0103 minor\u0103, telecomanda nefunc\u021bional\u0103 poate fi frustrant\u0103. Aceasta poate fi cauzat\u0103 de baterii desc\u0103rcate, deteriorarea telecomenzii sau set\u0103ri gre\u0219ite.<\/li>\n<\/ol>\n<p data-start=\"0\" data-end=\"330\">Pentru rezolvarea acestor \u0219i altor probleme, recomand\u0103m s\u0103 apela\u021bi la centrul nostru specializat \u00een repara\u021bii TV. Televizoarele moderne, \u00een special cele inteligente, necesit\u0103 echipamente \u0219i expertiz\u0103 specific\u0103 pentru interven\u021bii corecte. Pentru a preveni defec\u021biunile frecvente, este important s\u0103 urma\u021bi c\u00e2teva recomand\u0103ri simple:<\/p>\n<ul>\n<li data-start=\"332\" data-end=\"644\">Folosi\u021bi televizorul conform indica\u021biilor din manualul de utilizare.<\/li>\n<li data-start=\"332\" data-end=\"644\">Evita\u021bi supra\u00eenc\u0103rcarea prizei la care este conectat televizorul.<\/li>\n<li data-start=\"332\" data-end=\"644\">Men\u021bine\u021bi cur\u0103\u021benia televizorului, acord\u00e2nd aten\u021bie special\u0103 zonelor cu radiatoare \u0219i orificiilor de ventila\u021bie.<\/li>\n<li data-start=\"332\" data-end=\"644\">Proteja\u021bi televizorul de \u0219ocuri \u0219i deterior\u0103ri mecanice.<\/li>\n<\/ul>\n","protected":false},"excerpt":{"rendered":"<p>Repara\u021bia unui televizor este o interven\u021bie important\u0103 care trebuie realizat\u0103 doar de speciali\u0219ti autoriza\u021bi. La service-ul Arron din T\u00e2rgovi\u0219te, dispunem de o echip\u0103 de tehnicieni de top, preg\u0103ti\u021bi s\u0103 rezolve orice defec\u021biune. Chiar dac\u0103 televizoarele moderne sunt durabile, problemele pot ap\u0103rea oric\u00e2nd. Indiferent de marc\u0103 \u2013 Samsung, Sony, Xiaomi \u2013 intervenim rapid \u0219i eficient pentru [&hellip;]<\/p>\n","protected":false},"author":1,"featured_media":38708,"parent":0,"menu_order":1,"comment_status":"closed","ping_status":"closed","template":"tmpl-main-device.php","meta":{"footnotes":""},"class_list":["post-19610","page","type-page","status-publish","has-post-thumbnail","hentry"],"acf":[],"yoast_head":"<!-- This site is optimized with the Yoast SEO Premium plugin v19.0 (Yoast SEO v22.0) - https:\/\/yoast.com\/wordpress\/plugins\/seo\/ -->\n<title>Repara\u021bia Televizoarelor \u00een T\u00e2rgovi\u0219te - Garan\u021bia 12 luni<\/title>\n<meta name=\"description\" content=\"Service televizoarelor \u00een T\u00e2rgovi\u0219te. Repar\u0103m orice model -Samsung, LG, Sony, etc. Tehnicieni cu experien\u021b\u0103! Garan\u021bie 1 an.\" \/>\n<meta name=\"robots\" content=\"index, follow, max-snippet:-1, max-image-preview:large, max-video-preview:-1\" \/>\n<meta property=\"og:locale\" content=\"ro_RO\" \/>\n<meta property=\"og:type\" content=\"article\" \/>\n<meta property=\"og:title\" content=\"Reparatie televizoare T\u00e2rgovi\u0219te\" \/>\n<meta property=\"og:description\" content=\"Service televizoarelor \u00een T\u00e2rgovi\u0219te. Repar\u0103m orice model -Samsung, LG, Sony, etc. Tehnicieni cu experien\u021b\u0103! Garan\u021bie 1 an.\" \/>\n<meta property=\"og:url\" content=\"https:\/\/www.arron.ro\/targoviste\/reparatii-tv\" \/>\n<meta property=\"og:site_name\" content=\"Arron Service\" \/>\n<meta property=\"og:image\" content=\"https:\/\/www.arron.ro\/targoviste\/wp-content\/uploads\/webp\/db_webp_63d381946c8detv.webp\" \/>\n\t<meta property=\"og:image:width\" content=\"550\" \/>\n\t<meta property=\"og:image:height\" content=\"440\" \/>\n\t<meta property=\"og:image:type\" content=\"image\/webp\" \/>\n<meta name=\"twitter:card\" content=\"summary_large_image\" \/>\n<meta name=\"twitter:label1\" content=\"Timp estimat pentru citire\" \/>\n\t<meta name=\"twitter:data1\" content=\"2 minute\" \/>\n<script type=\"application\/ld+json\" class=\"yoast-schema-graph\">{\"@context\":\"https:\/\/schema.org\",\"@graph\":[{\"@type\":\"WebPage\",\"@id\":\"https:\/\/www.arron.ro\/targoviste\/reparatii-tv\/\",\"url\":\"https:\/\/www.arron.ro\/targoviste\/reparatii-tv\/\",\"name\":\"Repara\u021bia Televizoarelor \u00een T\u00e2rgovi\u0219te - Garan\u021bia 12 luni\",\"isPartOf\":{\"@id\":\"https:\/\/www.arron.ro\/targoviste\/#website\"},\"datePublished\":\"2022-07-29T14:53:56+00:00\",\"dateModified\":\"2025-05-29T13:00:54+00:00\",\"description\":\"Service televizoarelor \u00een T\u00e2rgovi\u0219te. Repar\u0103m orice model -Samsung, LG, Sony, etc. Tehnicieni cu experien\u021b\u0103! Garan\u021bie 1 an.\",\"breadcrumb\":{\"@id\":\"https:\/\/www.arron.ro\/targoviste\/reparatii-tv\/#breadcrumb\"},\"inLanguage\":\"ro-RO\",\"potentialAction\":[{\"@type\":\"ReadAction\",\"target\":[\"https:\/\/www.arron.ro\/targoviste\/reparatii-tv\/\"]}]},{\"@type\":\"BreadcrumbList\",\"@id\":\"https:\/\/www.arron.ro\/targoviste\/reparatii-tv\/#breadcrumb\",\"itemListElement\":[{\"@type\":\"ListItem\",\"position\":1,\"name\":\"Pagina principal\u0103\",\"item\":\"https:\/\/www.arron.ro\/targoviste\/\"},{\"@type\":\"ListItem\",\"position\":2,\"name\":\"Reparatie televizoare T\u00e2rgovi\u0219te\"}]},{\"@type\":\"WebSite\",\"@id\":\"https:\/\/www.arron.ro\/targoviste\/#website\",\"url\":\"https:\/\/www.arron.ro\/targoviste\/\",\"name\":\"Arron Service\",\"description\":\"\",\"potentialAction\":[{\"@type\":\"SearchAction\",\"target\":{\"@type\":\"EntryPoint\",\"urlTemplate\":\"https:\/\/www.arron.ro\/targoviste\/?s={search_term_string}\"},\"query-input\":\"required name=search_term_string\"}],\"inLanguage\":\"ro-RO\"}]}<\/script>\n<!-- \/ Yoast SEO Premium plugin. -->","yoast_head_json":{"title":"Repara\u021bia Televizoarelor \u00een T\u00e2rgovi\u0219te - Garan\u021bia 12 luni","description":"Service televizoarelor \u00een T\u00e2rgovi\u0219te. Repar\u0103m orice model -Samsung, LG, Sony, etc. Tehnicieni cu experien\u021b\u0103! Garan\u021bie 1 an.","robots":{"index":"index","follow":"follow","max-snippet":"max-snippet:-1","max-image-preview":"max-image-preview:large","max-video-preview":"max-video-preview:-1"},"og_locale":"ro_RO","og_type":"article","og_title":"Reparatie televizoare T\u00e2rgovi\u0219te","og_description":"Service televizoarelor \u00een T\u00e2rgovi\u0219te. Repar\u0103m orice model -Samsung, LG, Sony, etc. Tehnicieni cu experien\u021b\u0103! Garan\u021bie 1 an.","og_url":"https:\/\/www.arron.ro\/targoviste\/reparatii-tv","og_site_name":"Arron Service","og_image":[{"width":550,"height":440,"url":"https:\/\/www.arron.ro\/targoviste\/wp-content\/uploads\/webp\/db_webp_63d381946c8detv.webp","type":"image\/webp"}],"twitter_card":"summary_large_image","twitter_misc":{"Timp estimat pentru citire":"2 minute"},"schema":{"@context":"https:\/\/schema.org","@graph":[{"@type":"WebPage","@id":"https:\/\/www.arron.ro\/targoviste\/reparatii-tv\/","url":"https:\/\/www.arron.ro\/targoviste\/reparatii-tv\/","name":"Repara\u021bia Televizoarelor \u00een T\u00e2rgovi\u0219te - Garan\u021bia 12 luni","isPartOf":{"@id":"https:\/\/www.arron.ro\/targoviste\/#website"},"datePublished":"2022-07-29T14:53:56+00:00","dateModified":"2025-05-29T13:00:54+00:00","description":"Service televizoarelor \u00een T\u00e2rgovi\u0219te. Repar\u0103m orice model -Samsung, LG, Sony, etc. Tehnicieni cu experien\u021b\u0103! Garan\u021bie 1 an.","breadcrumb":{"@id":"https:\/\/www.arron.ro\/targoviste\/reparatii-tv\/#breadcrumb"},"inLanguage":"ro-RO","potentialAction":[{"@type":"ReadAction","target":["https:\/\/www.arron.ro\/targoviste\/reparatii-tv\/"]}]},{"@type":"BreadcrumbList","@id":"https:\/\/www.arron.ro\/targoviste\/reparatii-tv\/#breadcrumb","itemListElement":[{"@type":"ListItem","position":1,"name":"Pagina principal\u0103","item":"https:\/\/www.arron.ro\/targoviste\/"},{"@type":"ListItem","position":2,"name":"Reparatie televizoare T\u00e2rgovi\u0219te"}]},{"@type":"WebSite","@id":"https:\/\/www.arron.ro\/targoviste\/#website","url":"https:\/\/www.arron.ro\/targoviste\/","name":"Arron Service","description":"","potentialAction":[{"@type":"SearchAction","target":{"@type":"EntryPoint","urlTemplate":"https:\/\/www.arron.ro\/targoviste\/?s={search_term_string}"},"query-input":"required name=search_term_string"}],"inLanguage":"ro-RO"}]}},"_links":{"self":[{"href":"https:\/\/www.arron.ro\/targoviste\/wp-json\/wp\/v2\/pages\/19610","targetHints":{"allow":["GET"]}}],"collection":[{"href":"https:\/\/www.arron.ro\/targoviste\/wp-json\/wp\/v2\/pages"}],"about":[{"href":"https:\/\/www.arron.ro\/targoviste\/wp-json\/wp\/v2\/types\/page"}],"author":[{"embeddable":true,"href":"https:\/\/www.arron.ro\/targoviste\/wp-json\/wp\/v2\/users\/1"}],"replies":[{"embeddable":true,"href":"https:\/\/www.arron.ro\/targoviste\/wp-json\/wp\/v2\/comments?post=19610"}],"version-history":[{"count":21,"href":"https:\/\/www.arron.ro\/targoviste\/wp-json\/wp\/v2\/pages\/19610\/revisions"}],"predecessor-version":[{"id":45031,"href":"https:\/\/www.arron.ro\/targoviste\/wp-json\/wp\/v2\/pages\/19610\/revisions\/45031"}],"wp:featuredmedia":[{"embeddable":true,"href":"https:\/\/www.arron.ro\/targoviste\/wp-json\/wp\/v2\/media\/38708"}],"wp:attachment":[{"href":"https:\/\/www.arron.ro\/targoviste\/wp-json\/wp\/v2\/media?parent=19610"}],"curies":[{"name":"wp","href":"https:\/\/api.w.org\/{rel}","templated":true}]}}