{"id":19601,"date":"2022-07-29T17:20:07","date_gmt":"2022-07-29T14:20:07","guid":{"rendered":"https:\/\/misterfix.ro\/?page_id=19601"},"modified":"2025-05-27T17:50:41","modified_gmt":"2025-05-27T14:50:41","slug":"reparatie-telefoane","status":"publish","type":"page","link":"https:\/\/www.arron.ro\/targoviste\/reparatie-telefoane","title":{"rendered":"Reparatie telefoane T\u00e2rgovi\u0219te\u2013 90% de repara\u021bii \u00eentr-o zi lucr\u0103toare"},"content":{"rendered":"<p><img loading=\"lazy\" decoding=\"async\" class=\"alignleft wp-image-44267 size-medium\" src=\"https:\/\/www.arron.ro\/wp-content\/uploads\/webp\/db_webp_65cb2304ec46cimg_5063-rotated-225x300.webp\" alt=\"reparatie telefoane Iasi\" width=\"225\" height=\"300\" srcset=\"https:\/\/www.arron.ro\/targoviste\/wp-content\/uploads\/webp\/db_webp_65cb2304ec46cimg_5063-rotated-225x300.webp 225w, https:\/\/www.arron.ro\/targoviste\/wp-content\/uploads\/webp\/db_webp_65cb2304ec46cimg_5063-rotated-768x1024.webp 768w, https:\/\/www.arron.ro\/targoviste\/wp-content\/uploads\/webp\/db_webp_65cb2304ec46cimg_5063-rotated-1152x1536.webp 1152w, https:\/\/www.arron.ro\/targoviste\/wp-content\/uploads\/webp\/db_webp_65cb2304ec46cimg_5063-rotated-1536x2048.webp 1536w\" sizes=\"auto, (max-width: 225px) 100vw, 225px\" \/><\/p>\n<p>&nbsp;<\/p>\n<h2>Service GSM T\u00e2rgovi\u0219te, Reparatii telefoane T\u00e2rgovi\u0219te<\/h2>\n<p>Telefoanele mobile sunt parte indispensabil\u0103 din via\u021ba de zi cu zi. Branduri precum Samsung, Xiaomi, Huawei \u0219i altele ne permit s\u0103 r\u0103m\u00e2nem conecta\u021bi, s\u0103 acces\u0103m rapid informa\u021bii, s\u0103 ne relax\u0103m sau s\u0103 lucr\u0103m de oriunde. Totu\u0219i, chiar \u0219i cele mai avansate dispozitive pot suferi defec\u021biuni sau deterior\u0103ri \u00een timp.<\/p>\n<p>Printre cele mai frecvente probleme \u00eent\u00e2lnite la telefoane se num\u0103r\u0103:<br \/>\n&#8211; Probleme cu bateria<br \/>\n&#8211; Ecrane crapate sau sparte<br \/>\n&#8211; Daune la componente<br \/>\n&#8211; Probleme de software<br \/>\n&#8211; Probleme cu conexiunea<\/p>\n<p>&nbsp;<\/p>\n<p>&nbsp;<\/p>\n<p data-start=\"164\" data-end=\"376\">La Arron, po\u021bi aduce telefonul t\u0103u la reparat, iar dup\u0103 finalizare, \u00ee\u021bi trimitem dispozitivul prin curier direct la tine, oriunde \u00een T\u00e2rgovi\u0219te:<\/p>\n<ul>\n<li data-start=\"378\" data-end=\"594\">Micro 6<\/li>\n<li data-start=\"378\" data-end=\"594\">Micro 11<\/li>\n<li data-start=\"378\" data-end=\"594\">Micro 12<\/li>\n<li data-start=\"378\" data-end=\"594\">Cartier CFR<\/li>\n<li data-start=\"378\" data-end=\"594\">Aleea Trandafirilor<\/li>\n<li data-start=\"378\" data-end=\"594\">Priseaca<\/li>\n<li data-start=\"378\" data-end=\"594\">Sagricom<\/li>\n<li data-start=\"378\" data-end=\"594\">Zona Central\u0103<\/li>\n<li data-start=\"378\" data-end=\"594\">Cartierul Matei Basarab<\/li>\n<li data-start=\"378\" data-end=\"594\">Cartierul Vlad \u021aepe\u0219<\/li>\n<li data-start=\"378\" data-end=\"594\">Cartierul Tudor Vladimirescu<\/li>\n<\/ul>\n<p data-start=\"0\" data-end=\"316\">Tehnicienii no\u0219tri intervin cu rapiditate \u00een numeroase situa\u021bii, oferind servicii precum aplicarea foliei de protec\u021bie, \u00eenlocuirea componentelor hardware sau software, schimbarea carcasei, remedierea daunelor cauzate de lichide, repara\u021bia modulului WiFi, decodarea telefonului \u0219i multe alte tipuri de interven\u021bii.<\/p>\n<p data-start=\"318\" data-end=\"743\">Lucr\u0103m doar cu furnizori de \u00eencredere pentru a avea \u00eentotdeauna la dispozi\u021bie componente originale \u0219i de calitate. Acest lucru ne permite s\u0103 efectu\u0103m repara\u021bii rapide, chiar \u0219i \u00een prezen\u021ba clientului. Ne propunem s\u0103 oferim servicii de repara\u021bii telefoane la cele mai bune pre\u021buri, f\u0103r\u0103 compromisuri la calitate. La Arron, punem accent pe confortul clien\u021bilor no\u0219tri \u0219i livr\u0103m solu\u021bii fiabile, rapide \u0219i accesibile.<\/p>\n<p>&nbsp;<\/p>\n<p>&nbsp;<\/p>\n","protected":false},"excerpt":{"rendered":"<p>&nbsp; Service GSM T\u00e2rgovi\u0219te, Reparatii telefoane T\u00e2rgovi\u0219te Telefoanele mobile sunt parte indispensabil\u0103 din via\u021ba de zi cu zi. Branduri precum Samsung, Xiaomi, Huawei \u0219i altele ne permit s\u0103 r\u0103m\u00e2nem conecta\u021bi, s\u0103 acces\u0103m rapid informa\u021bii, s\u0103 ne relax\u0103m sau s\u0103 lucr\u0103m de oriunde. Totu\u0219i, chiar \u0219i cele mai avansate dispozitive pot suferi defec\u021biuni sau deterior\u0103ri \u00een [&hellip;]<\/p>\n","protected":false},"author":1,"featured_media":42561,"parent":0,"menu_order":3,"comment_status":"closed","ping_status":"closed","template":"tmpl-main-device.php","meta":{"footnotes":""},"class_list":["post-19601","page","type-page","status-publish","has-post-thumbnail","hentry"],"acf":[],"yoast_head":"<!-- This site is optimized with the Yoast SEO Premium plugin v19.0 (Yoast SEO v22.0) - https:\/\/yoast.com\/wordpress\/plugins\/seo\/ -->\n<title>Reparatii telefoane T\u00e2rgovi\u0219te - Repara\u021bii de la 20 min<\/title>\n<meta name=\"description\" content=\"Service GSM T\u00e2rgovi\u0219te- iPhone, Samsung, Huawei, Oppo etc. \u00cenlocuirea sticlei. \u00cenlocuirea ecranului. Reparatii telefoane T\u00e2rgovi\u0219te\" \/>\n<meta name=\"robots\" content=\"index, follow, max-snippet:-1, max-image-preview:large, max-video-preview:-1\" \/>\n<meta property=\"og:locale\" content=\"ro_RO\" \/>\n<meta property=\"og:type\" content=\"article\" \/>\n<meta property=\"og:title\" content=\"Reparatie telefoane T\u00e2rgovi\u0219te\u2013 90% de repara\u021bii \u00eentr-o zi lucr\u0103toare\" \/>\n<meta property=\"og:description\" content=\"Service GSM T\u00e2rgovi\u0219te- iPhone, Samsung, Huawei, Oppo etc. \u00cenlocuirea sticlei. \u00cenlocuirea ecranului. Reparatii telefoane T\u00e2rgovi\u0219te\" \/>\n<meta property=\"og:url\" content=\"https:\/\/www.arron.ro\/targoviste\/reparatie-telefoane\" \/>\n<meta property=\"og:site_name\" content=\"Arron Service\" \/>\n<meta property=\"og:image\" content=\"https:\/\/www.arron.ro\/targoviste\/wp-content\/uploads\/webp\/db_webp_642544ef01a66dall-e-2023-03-30-11-e1680164295558.webp\" \/>\n\t<meta property=\"og:image:width\" content=\"1024\" \/>\n\t<meta property=\"og:image:height\" content=\"581\" \/>\n\t<meta property=\"og:image:type\" content=\"image\/webp\" \/>\n<meta name=\"twitter:card\" content=\"summary_large_image\" \/>\n<meta name=\"twitter:label1\" content=\"Timp estimat pentru citire\" \/>\n\t<meta name=\"twitter:data1\" content=\"2 minute\" \/>\n<script type=\"application\/ld+json\" class=\"yoast-schema-graph\">{\"@context\":\"https:\/\/schema.org\",\"@graph\":[{\"@type\":\"WebPage\",\"@id\":\"https:\/\/www.arron.ro\/targoviste\/reparatie-telefoane\/\",\"url\":\"https:\/\/www.arron.ro\/targoviste\/reparatie-telefoane\/\",\"name\":\"Reparatii telefoane T\u00e2rgovi\u0219te - Repara\u021bii de la 20 min\",\"isPartOf\":{\"@id\":\"https:\/\/www.arron.ro\/targoviste\/#website\"},\"datePublished\":\"2022-07-29T14:20:07+00:00\",\"dateModified\":\"2025-05-27T14:50:41+00:00\",\"description\":\"Service GSM T\u00e2rgovi\u0219te- iPhone, Samsung, Huawei, Oppo etc. \u00cenlocuirea sticlei. \u00cenlocuirea ecranului. Reparatii telefoane T\u00e2rgovi\u0219te\",\"breadcrumb\":{\"@id\":\"https:\/\/www.arron.ro\/targoviste\/reparatie-telefoane\/#breadcrumb\"},\"inLanguage\":\"ro-RO\",\"potentialAction\":[{\"@type\":\"ReadAction\",\"target\":[\"https:\/\/www.arron.ro\/targoviste\/reparatie-telefoane\/\"]}]},{\"@type\":\"BreadcrumbList\",\"@id\":\"https:\/\/www.arron.ro\/targoviste\/reparatie-telefoane\/#breadcrumb\",\"itemListElement\":[{\"@type\":\"ListItem\",\"position\":1,\"name\":\"Pagina principal\u0103\",\"item\":\"https:\/\/www.arron.ro\/targoviste\/\"},{\"@type\":\"ListItem\",\"position\":2,\"name\":\"Reparatie telefoane T\u00e2rgovi\u0219te\u2013 90% de repara\u021bii \u00eentr-o zi lucr\u0103toare\"}]},{\"@type\":\"WebSite\",\"@id\":\"https:\/\/www.arron.ro\/targoviste\/#website\",\"url\":\"https:\/\/www.arron.ro\/targoviste\/\",\"name\":\"Arron Service\",\"description\":\"\",\"potentialAction\":[{\"@type\":\"SearchAction\",\"target\":{\"@type\":\"EntryPoint\",\"urlTemplate\":\"https:\/\/www.arron.ro\/targoviste\/?s={search_term_string}\"},\"query-input\":\"required name=search_term_string\"}],\"inLanguage\":\"ro-RO\"}]}<\/script>\n<!-- \/ Yoast SEO Premium plugin. -->","yoast_head_json":{"title":"Reparatii telefoane T\u00e2rgovi\u0219te - Repara\u021bii de la 20 min","description":"Service GSM T\u00e2rgovi\u0219te- iPhone, Samsung, Huawei, Oppo etc. \u00cenlocuirea sticlei. \u00cenlocuirea ecranului. Reparatii telefoane T\u00e2rgovi\u0219te","robots":{"index":"index","follow":"follow","max-snippet":"max-snippet:-1","max-image-preview":"max-image-preview:large","max-video-preview":"max-video-preview:-1"},"og_locale":"ro_RO","og_type":"article","og_title":"Reparatie telefoane T\u00e2rgovi\u0219te\u2013 90% de repara\u021bii \u00eentr-o zi lucr\u0103toare","og_description":"Service GSM T\u00e2rgovi\u0219te- iPhone, Samsung, Huawei, Oppo etc. \u00cenlocuirea sticlei. \u00cenlocuirea ecranului. Reparatii telefoane T\u00e2rgovi\u0219te","og_url":"https:\/\/www.arron.ro\/targoviste\/reparatie-telefoane","og_site_name":"Arron Service","og_image":[{"width":1024,"height":581,"url":"https:\/\/www.arron.ro\/targoviste\/wp-content\/uploads\/webp\/db_webp_642544ef01a66dall-e-2023-03-30-11-e1680164295558.webp","type":"image\/webp"}],"twitter_card":"summary_large_image","twitter_misc":{"Timp estimat pentru citire":"2 minute"},"schema":{"@context":"https:\/\/schema.org","@graph":[{"@type":"WebPage","@id":"https:\/\/www.arron.ro\/targoviste\/reparatie-telefoane\/","url":"https:\/\/www.arron.ro\/targoviste\/reparatie-telefoane\/","name":"Reparatii telefoane T\u00e2rgovi\u0219te - Repara\u021bii de la 20 min","isPartOf":{"@id":"https:\/\/www.arron.ro\/targoviste\/#website"},"datePublished":"2022-07-29T14:20:07+00:00","dateModified":"2025-05-27T14:50:41+00:00","description":"Service GSM T\u00e2rgovi\u0219te- iPhone, Samsung, Huawei, Oppo etc. \u00cenlocuirea sticlei. \u00cenlocuirea ecranului. Reparatii telefoane T\u00e2rgovi\u0219te","breadcrumb":{"@id":"https:\/\/www.arron.ro\/targoviste\/reparatie-telefoane\/#breadcrumb"},"inLanguage":"ro-RO","potentialAction":[{"@type":"ReadAction","target":["https:\/\/www.arron.ro\/targoviste\/reparatie-telefoane\/"]}]},{"@type":"BreadcrumbList","@id":"https:\/\/www.arron.ro\/targoviste\/reparatie-telefoane\/#breadcrumb","itemListElement":[{"@type":"ListItem","position":1,"name":"Pagina principal\u0103","item":"https:\/\/www.arron.ro\/targoviste\/"},{"@type":"ListItem","position":2,"name":"Reparatie telefoane T\u00e2rgovi\u0219te\u2013 90% de repara\u021bii \u00eentr-o zi lucr\u0103toare"}]},{"@type":"WebSite","@id":"https:\/\/www.arron.ro\/targoviste\/#website","url":"https:\/\/www.arron.ro\/targoviste\/","name":"Arron Service","description":"","potentialAction":[{"@type":"SearchAction","target":{"@type":"EntryPoint","urlTemplate":"https:\/\/www.arron.ro\/targoviste\/?s={search_term_string}"},"query-input":"required name=search_term_string"}],"inLanguage":"ro-RO"}]}},"_links":{"self":[{"href":"https:\/\/www.arron.ro\/targoviste\/wp-json\/wp\/v2\/pages\/19601","targetHints":{"allow":["GET"]}}],"collection":[{"href":"https:\/\/www.arron.ro\/targoviste\/wp-json\/wp\/v2\/pages"}],"about":[{"href":"https:\/\/www.arron.ro\/targoviste\/wp-json\/wp\/v2\/types\/page"}],"author":[{"embeddable":true,"href":"https:\/\/www.arron.ro\/targoviste\/wp-json\/wp\/v2\/users\/1"}],"replies":[{"embeddable":true,"href":"https:\/\/www.arron.ro\/targoviste\/wp-json\/wp\/v2\/comments?post=19601"}],"version-history":[{"count":27,"href":"https:\/\/www.arron.ro\/targoviste\/wp-json\/wp\/v2\/pages\/19601\/revisions"}],"predecessor-version":[{"id":45028,"href":"https:\/\/www.arron.ro\/targoviste\/wp-json\/wp\/v2\/pages\/19601\/revisions\/45028"}],"wp:featuredmedia":[{"embeddable":true,"href":"https:\/\/www.arron.ro\/targoviste\/wp-json\/wp\/v2\/media\/42561"}],"wp:attachment":[{"href":"https:\/\/www.arron.ro\/targoviste\/wp-json\/wp\/v2\/media?parent=19601"}],"curies":[{"name":"wp","href":"https:\/\/api.w.org\/{rel}","templated":true}]}}