{"id":577,"date":"2022-03-19T17:56:02","date_gmt":"2022-03-19T14:56:02","guid":{"rendered":"http:\/\/misterfix.ro\/?page_id=577"},"modified":"2024-02-06T18:06:12","modified_gmt":"2024-02-06T15:06:12","slug":"despre-noi","status":"publish","type":"page","link":"https:\/\/www.arron.ro\/iasi\/despre-noi","title":{"rendered":"Despre noi"},"content":{"rendered":"","protected":false},"excerpt":{"rendered":"","protected":false},"author":1,"featured_media":0,"parent":0,"menu_order":12,"comment_status":"closed","ping_status":"closed","template":"tmpl-about-us.php","meta":{"footnotes":""},"class_list":["post-577","page","type-page","status-publish","hentry"],"acf":[],"yoast_head":"<!-- This site is optimized with the Yoast SEO Premium plugin v19.0 (Yoast SEO v22.0) - https:\/\/yoast.com\/wordpress\/plugins\/seo\/ -->\n<title>Despre Arron Service Romania<\/title>\n<meta name=\"description\" content=\"Arron Service Centru - Recenzii si Feedback despre companie .Istoria \u0219i \u021belurile companiei .R\u0103spuns la cele mai des \u00eent\u00eelnite \u00eentreb\u0103ri\" \/>\n<meta name=\"robots\" content=\"index, follow, max-snippet:-1, max-image-preview:large, max-video-preview:-1\" \/>\n<meta property=\"og:locale\" content=\"ro_RO\" \/>\n<meta property=\"og:type\" content=\"article\" \/>\n<meta property=\"og:title\" content=\"Despre noi\" \/>\n<meta property=\"og:description\" content=\"Arron Service Centru - Recenzii si Feedback despre companie .Istoria \u0219i \u021belurile companiei .R\u0103spuns la cele mai des \u00eent\u00eelnite \u00eentreb\u0103ri\" \/>\n<meta property=\"og:url\" content=\"https:\/\/www.arron.ro\/iasi\/despre-noi\" \/>\n<meta property=\"og:site_name\" content=\"Arron Service\" \/>\n<meta property=\"og:image\" content=\"https:\/\/www.arron.ro\/iasi\/wp-content\/uploads\/webp\/db_webp_65f1ba353bac1facebook_2.webp\" \/>\n\t<meta property=\"og:image:width\" content=\"380\" \/>\n\t<meta property=\"og:image:height\" content=\"380\" \/>\n\t<meta property=\"og:image:type\" content=\"image\/webp\" \/>\n<meta name=\"twitter:card\" content=\"summary_large_image\" \/>\n<script type=\"application\/ld+json\" class=\"yoast-schema-graph\">{\"@context\":\"https:\/\/schema.org\",\"@graph\":[{\"@type\":\"WebPage\",\"@id\":\"https:\/\/www.arron.ro\/iasi\/despre-noi\/\",\"url\":\"https:\/\/www.arron.ro\/iasi\/despre-noi\/\",\"name\":\"Despre Arron Service Romania\",\"isPartOf\":{\"@id\":\"https:\/\/www.arron.ro\/iasi\/#website\"},\"datePublished\":\"2022-03-19T14:56:02+00:00\",\"dateModified\":\"2024-02-06T15:06:12+00:00\",\"description\":\"Arron Service Centru - Recenzii si Feedback despre companie .Istoria \u0219i \u021belurile companiei .R\u0103spuns la cele mai des \u00eent\u00eelnite \u00eentreb\u0103ri\",\"breadcrumb\":{\"@id\":\"https:\/\/www.arron.ro\/iasi\/despre-noi\/#breadcrumb\"},\"inLanguage\":\"ro-RO\",\"potentialAction\":[{\"@type\":\"ReadAction\",\"target\":[\"https:\/\/www.arron.ro\/iasi\/despre-noi\/\"]}]},{\"@type\":\"BreadcrumbList\",\"@id\":\"https:\/\/www.arron.ro\/iasi\/despre-noi\/#breadcrumb\",\"itemListElement\":[{\"@type\":\"ListItem\",\"position\":1,\"name\":\"Pagina principal\u0103\",\"item\":\"https:\/\/www.arron.ro\/iasi\/\"},{\"@type\":\"ListItem\",\"position\":2,\"name\":\"Despre noi\"}]},{\"@type\":\"WebSite\",\"@id\":\"https:\/\/www.arron.ro\/iasi\/#website\",\"url\":\"https:\/\/www.arron.ro\/iasi\/\",\"name\":\"Arron Service\",\"description\":\"\",\"potentialAction\":[{\"@type\":\"SearchAction\",\"target\":{\"@type\":\"EntryPoint\",\"urlTemplate\":\"https:\/\/www.arron.ro\/iasi\/?s={search_term_string}\"},\"query-input\":\"required name=search_term_string\"}],\"inLanguage\":\"ro-RO\"}]}<\/script>\n<!-- \/ Yoast SEO Premium plugin. -->","yoast_head_json":{"title":"Despre Arron Service Romania","description":"Arron Service Centru - Recenzii si Feedback despre companie .Istoria \u0219i \u021belurile companiei .R\u0103spuns la cele mai des \u00eent\u00eelnite \u00eentreb\u0103ri","robots":{"index":"index","follow":"follow","max-snippet":"max-snippet:-1","max-image-preview":"max-image-preview:large","max-video-preview":"max-video-preview:-1"},"og_locale":"ro_RO","og_type":"article","og_title":"Despre noi","og_description":"Arron Service Centru - Recenzii si Feedback despre companie .Istoria \u0219i \u021belurile companiei .R\u0103spuns la cele mai des \u00eent\u00eelnite \u00eentreb\u0103ri","og_url":"https:\/\/www.arron.ro\/iasi\/despre-noi","og_site_name":"Arron Service","og_image":[{"width":380,"height":380,"url":"https:\/\/www.arron.ro\/iasi\/wp-content\/uploads\/webp\/db_webp_65f1ba353bac1facebook_2.webp","type":"image\/webp"}],"twitter_card":"summary_large_image","schema":{"@context":"https:\/\/schema.org","@graph":[{"@type":"WebPage","@id":"https:\/\/www.arron.ro\/iasi\/despre-noi\/","url":"https:\/\/www.arron.ro\/iasi\/despre-noi\/","name":"Despre Arron Service Romania","isPartOf":{"@id":"https:\/\/www.arron.ro\/iasi\/#website"},"datePublished":"2022-03-19T14:56:02+00:00","dateModified":"2024-02-06T15:06:12+00:00","description":"Arron Service Centru - Recenzii si Feedback despre companie .Istoria \u0219i \u021belurile companiei .R\u0103spuns la cele mai des \u00eent\u00eelnite \u00eentreb\u0103ri","breadcrumb":{"@id":"https:\/\/www.arron.ro\/iasi\/despre-noi\/#breadcrumb"},"inLanguage":"ro-RO","potentialAction":[{"@type":"ReadAction","target":["https:\/\/www.arron.ro\/iasi\/despre-noi\/"]}]},{"@type":"BreadcrumbList","@id":"https:\/\/www.arron.ro\/iasi\/despre-noi\/#breadcrumb","itemListElement":[{"@type":"ListItem","position":1,"name":"Pagina principal\u0103","item":"https:\/\/www.arron.ro\/iasi\/"},{"@type":"ListItem","position":2,"name":"Despre noi"}]},{"@type":"WebSite","@id":"https:\/\/www.arron.ro\/iasi\/#website","url":"https:\/\/www.arron.ro\/iasi\/","name":"Arron Service","description":"","potentialAction":[{"@type":"SearchAction","target":{"@type":"EntryPoint","urlTemplate":"https:\/\/www.arron.ro\/iasi\/?s={search_term_string}"},"query-input":"required name=search_term_string"}],"inLanguage":"ro-RO"}]}},"_links":{"self":[{"href":"https:\/\/www.arron.ro\/iasi\/wp-json\/wp\/v2\/pages\/577","targetHints":{"allow":["GET"]}}],"collection":[{"href":"https:\/\/www.arron.ro\/iasi\/wp-json\/wp\/v2\/pages"}],"about":[{"href":"https:\/\/www.arron.ro\/iasi\/wp-json\/wp\/v2\/types\/page"}],"author":[{"embeddable":true,"href":"https:\/\/www.arron.ro\/iasi\/wp-json\/wp\/v2\/users\/1"}],"replies":[{"embeddable":true,"href":"https:\/\/www.arron.ro\/iasi\/wp-json\/wp\/v2\/comments?post=577"}],"version-history":[{"count":0,"href":"https:\/\/www.arron.ro\/iasi\/wp-json\/wp\/v2\/pages\/577\/revisions"}],"wp:attachment":[{"href":"https:\/\/www.arron.ro\/iasi\/wp-json\/wp\/v2\/media?parent=577"}],"curies":[{"name":"wp","href":"https:\/\/api.w.org\/{rel}","templated":true}]}}